{"id":2136,"date":"2020-01-02T16:01:39","date_gmt":"2020-01-02T16:01:39","guid":{"rendered":"http:\/\/invest.alimenteocerebro.com\/?page_id=2136"},"modified":"2024-03-13T11:27:39","modified_gmt":"2024-03-13T15:27:39","slug":"oportunidades-de-investimento-2","status":"publish","type":"page","link":"https:\/\/invest.ro.gov.br\/?page_id=2136","title":{"rendered":"Recursos minerais"},"content":{"rendered":"<p>[vc_row][vc_column width=&#8221;3\/5&#8243;][vc_column_text]Rond\u00f4nia possui em seu territ\u00f3rio dep\u00f3sitos de bens minerais com valor comercial e jazidas a explorar, com amplas possibilidades de aumentar as reservas conhecidas.[\/vc_column_text][\/vc_column][vc_column width=&#8221;2\/5&#8243;][vc_single_image image=&#8221;3010&#8243; img_size=&#8221;full&#8221; alignment=&#8221;center&#8221; style=&#8221;vc_box_border&#8221; onclick=&#8221;custom_link&#8221; link=&#8221;https:\/\/geointeligencia.ro.gov.br\/portal\/apps\/experiencebuilder\/experience\/?id=147588272b04401eb09bb2444af8dd34&amp;page=page_0&amp;views=view_102%2Cview_97%2Cview_98%2Cview_53%2Cview_54&#8243;][\/vc_column][\/vc_row][vc_row][vc_column]<div id=\"ultimate-heading-43169e352d47a2e4\" class=\"uvc-heading ult-adjust-bottom-margin ultimate-heading-43169e352d47a2e4 uvc-7021 accent-border-color uvc-heading-default-font-sizes\" data-hspacer=\"line_only\"  data-halign=\"center\" style=\"text-align:center\"><div class=\"uvc-main-heading ult-responsive\"  data-ultimate-target='.uvc-heading.ultimate-heading-43169e352d47a2e4 h2'  data-responsive-json-new='{\"font-size\":\"\",\"line-height\":\"\"}' ><h2 style=\"--font-weight:theme;margin-bottom:15px;\">Principais Jazidas e processos miner\u00e1rios<\/h2><\/div><div class=\"uvc-heading-spacer line_only\" style=\"margin-bottom:15px;height:3px;\"><span class=\"uvc-headings-line\" style=\"border-style:solid;border-bottom-width:3px;border-color:#81d742;width:200px;\"><\/span><\/div><\/div>[\/vc_column][\/vc_row][vc_row][vc_column][vc_row_inner][vc_column_inner width=&#8221;1\/4&#8243;]<div id=\"ultimate-heading-550369e352d47a31f\" class=\"uvc-heading ult-adjust-bottom-margin ultimate-heading-550369e352d47a31f uvc-7104  uvc-heading-default-font-sizes\" data-hspacer=\"no_spacer\"  data-halign=\"center\" style=\"text-align:center\"><div class=\"uvc-heading-spacer no_spacer\" style=\"top\"><\/div><div class=\"uvc-main-heading ult-responsive\"  data-ultimate-target='.uvc-heading.ultimate-heading-550369e352d47a31f h4'  data-responsive-json-new='{\"font-size\":\"\",\"line-height\":\"\"}' ><h4 style=\"--font-weight:theme;margin-top:15px;margin-bottom:15px;\">OURO | COBRE | FERRO<\/h4><\/div><\/div>[vc_hoverbox image=&#8221;3011&#8243; primary_title=&#8221;&#8221; hover_title=&#8221;OURO | COBRE | FERRO&#8221;][\/vc_hoverbox][vc_column_text css_animation=&#8221;fadeIn&#8221; css=&#8221;.vc_custom_1710343280942{padding-top: 2% !important;}&#8221;]<\/p>\n<h6 style=\"text-align: center;\"><strong>Imagem &#8211; NAP Minera\u00e7\u00e3o<\/strong><\/h6>\n<p>[\/vc_column_text][\/vc_column_inner][vc_column_inner width=&#8221;1\/4&#8243;]<div id=\"ultimate-heading-844769e352d47a343\" class=\"uvc-heading ult-adjust-bottom-margin ultimate-heading-844769e352d47a343 uvc-7476  uvc-heading-default-font-sizes\" data-hspacer=\"no_spacer\"  data-halign=\"center\" style=\"text-align:center\"><div class=\"uvc-heading-spacer no_spacer\" style=\"top\"><\/div><div class=\"uvc-main-heading ult-responsive\"  data-ultimate-target='.uvc-heading.ultimate-heading-844769e352d47a343 h4'  data-responsive-json-new='{\"font-size\":\"\",\"line-height\":\"\"}' ><h4 style=\"--font-weight:theme;margin-top:15px;margin-bottom:15px;\">GRANITO ORNAMENTAL<\/h4><\/div><\/div>[vc_hoverbox image=&#8221;3012&#8243; primary_title=&#8221;&#8221; hover_title=&#8221;GRANITO ORNAMENTAL&#8221;][\/vc_hoverbox][vc_column_text css_animation=&#8221;fadeIn&#8221; css=&#8221;.vc_custom_1710343299151{padding-top: 2% !important;}&#8221;]<\/p>\n<h6 style=\"text-align: center;\"><strong>Imagem &#8211; Gramazon<\/strong><\/h6>\n<p>[\/vc_column_text][\/vc_column_inner][vc_column_inner width=&#8221;1\/4&#8243;]<div id=\"ultimate-heading-163969e352d47a363\" class=\"uvc-heading ult-adjust-bottom-margin ultimate-heading-163969e352d47a363 uvc-2325  uvc-heading-default-font-sizes\" data-hspacer=\"no_spacer\"  data-halign=\"center\" style=\"text-align:center\"><div class=\"uvc-heading-spacer no_spacer\" style=\"top\"><\/div><div class=\"uvc-main-heading ult-responsive\"  data-ultimate-target='.uvc-heading.ultimate-heading-163969e352d47a363 h4'  data-responsive-json-new='{\"font-size\":\"\",\"line-height\":\"\"}' ><h4 style=\"--font-weight:theme;margin-top:15px;margin-bottom:15px;\">PEDRAS PRECIOSAS<\/h4><\/div><\/div>[vc_hoverbox image=&#8221;3013&#8243; primary_title=&#8221;&#8221; hover_title=&#8221;PEDRAS PRECIOSAS&#8221;][\/vc_hoverbox][vc_column_text css_animation=&#8221;fadeIn&#8221; css=&#8221;.vc_custom_1710343381169{padding-top: 2% !important;}&#8221;]<\/p>\n<h6 style=\"text-align: center;\"><strong>Imagem &#8211; Not\u00edcias de Minera\u00e7\u00e3o Brasil<\/strong><\/h6>\n<p>[\/vc_column_text][\/vc_column_inner][vc_column_inner width=&#8221;1\/4&#8243;]<div id=\"ultimate-heading-38569e352d47a381\" class=\"uvc-heading ult-adjust-bottom-margin ultimate-heading-38569e352d47a381 uvc-1208  uvc-heading-default-font-sizes\" data-hspacer=\"no_spacer\"  data-halign=\"center\" style=\"text-align:center\"><div class=\"uvc-heading-spacer no_spacer\" style=\"top\"><\/div><div class=\"uvc-main-heading ult-responsive\"  data-ultimate-target='.uvc-heading.ultimate-heading-38569e352d47a381 h4'  data-responsive-json-new='{\"font-size\":\"\",\"line-height\":\"\"}' ><h4 style=\"--font-weight:theme;margin-top:15px;margin-bottom:15px;\">\u00c1GUA MINERAL<\/h4><\/div><\/div>[vc_hoverbox image=&#8221;3015&#8243; primary_title=&#8221;&#8221; hover_title=&#8221;\u00c1GUA MINERAL&#8221;][\/vc_hoverbox][vc_column_text css_animation=&#8221;fadeIn&#8221; css=&#8221;.vc_custom_1710343443656{padding-top: 2% !important;}&#8221;]<\/p>\n<h6 style=\"text-align: center;\"><strong>Imagem &#8211; Thalitta Cota<\/strong><\/h6>\n<p>[\/vc_column_text][\/vc_column_inner][\/vc_row_inner][vc_row_inner][vc_column_inner width=&#8221;1\/3&#8243;]<div id=\"ultimate-heading-808369e352d47a39d\" class=\"uvc-heading ult-adjust-bottom-margin ultimate-heading-808369e352d47a39d uvc-7429  uvc-heading-default-font-sizes\" data-hspacer=\"no_spacer\"  data-halign=\"center\" style=\"text-align:center\"><div class=\"uvc-heading-spacer no_spacer\" style=\"top\"><\/div><div class=\"uvc-main-heading ult-responsive\"  data-ultimate-target='.uvc-heading.ultimate-heading-808369e352d47a39d h4'  data-responsive-json-new='{\"font-size\":\"\",\"line-height\":\"\"}' ><h4 style=\"--font-weight:theme;margin-top:15px;margin-bottom:15px;\">CALC\u00c1RIO<\/h4><\/div><\/div>[vc_hoverbox image=&#8221;3017&#8243; primary_title=&#8221;&#8221; hover_title=&#8221;CALC\u00c1RIO&#8221;][\/vc_hoverbox][vc_column_text css_animation=&#8221;fadeIn&#8221; css=&#8221;.vc_custom_1710343493301{padding-top: 2% !important;}&#8221;]<\/p>\n<h6 style=\"text-align: center;\"><strong>Imagem &#8211; \u00c9sio Mendes<\/strong><\/h6>\n<p>[\/vc_column_text][\/vc_column_inner][vc_column_inner width=&#8221;1\/3&#8243;]<div id=\"ultimate-heading-884269e352d47a3b9\" class=\"uvc-heading ult-adjust-bottom-margin ultimate-heading-884269e352d47a3b9 uvc-1606  uvc-heading-default-font-sizes\" data-hspacer=\"no_spacer\"  data-halign=\"center\" style=\"text-align:center\"><div class=\"uvc-heading-spacer no_spacer\" style=\"top\"><\/div><div class=\"uvc-main-heading ult-responsive\"  data-ultimate-target='.uvc-heading.ultimate-heading-884269e352d47a3b9 h4'  data-responsive-json-new='{\"font-size\":\"\",\"line-height\":\"\"}' ><h4 style=\"--font-weight:theme;margin-top:15px;margin-bottom:15px;\">ESTANHO<\/h4><\/div><\/div>[vc_hoverbox image=&#8221;3016&#8243; primary_title=&#8221;&#8221; hover_title=&#8221;ESTANHO&#8221;][\/vc_hoverbox][vc_column_text css_animation=&#8221;fadeIn&#8221; css=&#8221;.vc_custom_1710343525712{padding-top: 2% !important;}&#8221;]<\/p>\n<h6 style=\"text-align: center;\"><strong>Imagem &#8211; Jazida de Estanho no munic\u00edpio de Ariquemes<\/strong><\/h6>\n<p>[\/vc_column_text][\/vc_column_inner][vc_column_inner width=&#8221;1\/3&#8243;]<div id=\"ultimate-heading-617769e352d47a3d5\" class=\"uvc-heading ult-adjust-bottom-margin ultimate-heading-617769e352d47a3d5 uvc-5915  uvc-heading-default-font-sizes\" data-hspacer=\"no_spacer\"  data-halign=\"center\" style=\"text-align:center\"><div class=\"uvc-heading-spacer no_spacer\" style=\"top\"><\/div><div class=\"uvc-main-heading ult-responsive\"  data-ultimate-target='.uvc-heading.ultimate-heading-617769e352d47a3d5 h4'  data-responsive-json-new='{\"font-size\":\"\",\"line-height\":\"\"}' ><h4 style=\"--font-weight:theme;margin-top:15px;margin-bottom:15px;\">NI\u00d3BIO<\/h4><\/div><\/div>[vc_hoverbox image=&#8221;3018&#8243; primary_title=&#8221;&#8221; hover_title=&#8221;NI\u00d3BIO&#8221;][\/vc_hoverbox][vc_column_text css_animation=&#8221;fadeIn&#8221; css=&#8221;.vc_custom_1710343570823{padding-top: 2% !important;}&#8221;]<\/p>\n<h6 style=\"text-align: center;\"><strong>Imagem &#8211; Autor n\u00e3o identificado<\/strong><\/h6>\n<p>[\/vc_column_text][\/vc_column_inner][\/vc_row_inner][\/vc_column][\/vc_row][vc_row][vc_column width=&#8221;1\/2&#8243;][vc_cta h2=&#8221;Companhia de Minera\u00e7\u00e3o de Rond\u00f4nia&#8221; add_button=&#8221;right&#8221; btn_title=&#8221;Portal&#8221; btn_style=&#8221;gradient&#8221; btn_gradient_color_1=&#8221;green&#8221; btn_gradient_color_2=&#8221;orange&#8221; btn_align=&#8221;center&#8221; btn_i_icon_fontawesome=&#8221;fa fa-link&#8221; btn_add_icon=&#8221;true&#8221; btn_link=&#8221;url:https%3A%2F%2Frondonia.ro.gov.br%2Fcmr%2Fsobre%2Fa-cmr%2F|||&#8221; css=&#8221;.vc_custom_1673974128841{padding-top: 5% !important;padding-bottom: 5% !important;}&#8221;]A Companhia de Minera\u00e7\u00e3o de Rond\u00f4nia, com sigla CMR, criada e organizada pelo Decreto Lei Estadual, n. 017 de 25 de maio de 1982, \u00e9 constitu\u00edda sob a forma de Sociedade An\u00f4nima, tendo como principal acionista o Governo do Estado de Rond\u00f4nia.[\/vc_cta][\/vc_column][vc_column width=&#8221;1\/2&#8243;][vc_gmaps link=&#8221;#E-8_JTNDaWZyYW1lJTIwc3JjJTNEJTIyaHR0cHMlM0ElMkYlMkZtYXBzLmdvb2dsZS5jb20lMkZtYXBzJTNGd2lkdGglM0QxMDAlMjUyNSUyNmFtcCUzQmhlaWdodCUzRDYwMCUyNmFtcCUzQmhsJTNEZW4lMjZhbXAlM0JxJTNEQXYuJTI1MjBDYWxhbWElMkMlMjUyMDE5MTclMjUyMC0lMjUyMFMlMjVDMyUyNUEzbyUyNTIwSm8lMjVDMyUyNUEzbyUyNTIwQm9zY28lMkMlMjUyMFBvcnRvJTI1MjBWZWxobyUyNTIwLSUyNTIwUk8lMkIlMjhDTVIlMjklMjZhbXAlM0J0JTNEJTI2YW1wJTNCeiUzRDE3JTI2YW1wJTNCaWUlM0RVVEY4JTI2YW1wJTNCaXdsb2MlM0RCJTI2YW1wJTNCb3V0cHV0JTNEZW1iZWQlMjIlMjB3aWR0aCUzRCUyMjYwMCUyMiUyMGhlaWdodCUzRCUyMjI1MCUyMiUyMGZyYW1lYm9yZGVyJTNEJTIyMCUyMiUyMHN0eWxlJTNEJTIyYm9yZGVyJTNBMCUyMiUyMGFsbG93ZnVsbHNjcmVlbiUzRSUzQyUyRmlmcmFtZSUzRQ==&#8221;][\/vc_column][\/vc_row]<\/p>\n","protected":false},"excerpt":{"rendered":"<p>[vc_row][vc_column width=&#8221;3\/5&#8243;][vc_column_text]Rond\u00f4nia possui em seu territ\u00f3rio dep\u00f3sitos de bens minerais com valor comercial e jazidas a explorar, com amplas possibilidades de aumentar as reservas conhecidas.[\/vc_column_text][\/vc_column][vc_column width=&#8221;2\/5&#8243;][vc_single_image image=&#8221;3010&#8243; img_size=&#8221;full&#8221; alignment=&#8221;center&#8221; style=&#8221;vc_box_border&#8221; onclick=&#8221;custom_link&#8221; link=&#8221;https:\/\/geointeligencia.ro.gov.br\/portal\/apps\/experiencebuilder\/experience\/?id=147588272b04401eb09bb2444af8dd34&amp;page=page_0&amp;views=view_102%2Cview_97%2Cview_98%2Cview_53%2Cview_54&#8243;][\/vc_column][\/vc_row][vc_row][vc_column][\/vc_column][\/vc_row][vc_row][vc_column][vc_row_inner][vc_column_inner width=&#8221;1\/4&#8243;][vc_hoverbox image=&#8221;3011&#8243; primary_title=&#8221;&#8221; hover_title=&#8221;OURO | COBRE | FERRO&#8221;][\/vc_hoverbox][vc_column_text css_animation=&#8221;fadeIn&#8221; css=&#8221;.vc_custom_1710343280942{padding-top: 2% !important;}&#8221;] Imagem &#8211; NAP Minera\u00e7\u00e3o [\/vc_column_text][\/vc_column_inner][vc_column_inner width=&#8221;1\/4&#8243;][vc_hoverbox image=&#8221;3012&#8243; primary_title=&#8221;&#8221; hover_title=&#8221;GRANITO ORNAMENTAL&#8221;][\/vc_hoverbox][vc_column_text css_animation=&#8221;fadeIn&#8221;&hellip;<\/p>\n","protected":false},"author":14,"featured_media":2137,"parent":30,"menu_order":0,"comment_status":"closed","ping_status":"closed","template":"","meta":{"spay_email":"","_links_to":"","_links_to_target":""},"class_list":["post-2136","page","type-page","status-publish","has-post-thumbnail","hentry","description-off"],"_links":{"self":[{"href":"https:\/\/invest.ro.gov.br\/index.php?rest_route=\/wp\/v2\/pages\/2136","targetHints":{"allow":["GET"]}}],"collection":[{"href":"https:\/\/invest.ro.gov.br\/index.php?rest_route=\/wp\/v2\/pages"}],"about":[{"href":"https:\/\/invest.ro.gov.br\/index.php?rest_route=\/wp\/v2\/types\/page"}],"author":[{"embeddable":true,"href":"https:\/\/invest.ro.gov.br\/index.php?rest_route=\/wp\/v2\/users\/14"}],"replies":[{"embeddable":true,"href":"https:\/\/invest.ro.gov.br\/index.php?rest_route=%2Fwp%2Fv2%2Fcomments&post=2136"}],"version-history":[{"count":20,"href":"https:\/\/invest.ro.gov.br\/index.php?rest_route=\/wp\/v2\/pages\/2136\/revisions"}],"predecessor-version":[{"id":3255,"href":"https:\/\/invest.ro.gov.br\/index.php?rest_route=\/wp\/v2\/pages\/2136\/revisions\/3255"}],"up":[{"embeddable":true,"href":"https:\/\/invest.ro.gov.br\/index.php?rest_route=\/wp\/v2\/pages\/30"}],"wp:featuredmedia":[{"embeddable":true,"href":"https:\/\/invest.ro.gov.br\/index.php?rest_route=\/wp\/v2\/media\/2137"}],"wp:attachment":[{"href":"https:\/\/invest.ro.gov.br\/index.php?rest_route=%2Fwp%2Fv2%2Fmedia&parent=2136"}],"curies":[{"name":"wp","href":"https:\/\/api.w.org\/{rel}","templated":true}]}}