{"id":1921,"date":"2019-12-17T12:59:41","date_gmt":"2019-12-17T12:59:41","guid":{"rendered":"http:\/\/invest.alimenteocerebro.com\/?page_id=1921"},"modified":"2024-10-17T11:32:09","modified_gmt":"2024-10-17T15:32:09","slug":"politicas-de-incentivo","status":"publish","type":"page","link":"https:\/\/invest.ro.gov.br\/?page_id=1921","title":{"rendered":"Pol\u00edticas de Incentivo"},"content":{"rendered":"<p>[vc_row][vc_column][vc_column_text]<\/p>\r\n<p><img loading=\"lazy\" decoding=\"async\" class=\"size-full wp-image-2709 aligncenter\" src=\"https:\/\/i0.wp.com\/invest.ro.gov.br\/wp-content\/uploads\/2021\/01\/8-1.png?resize=639%2C681\" alt=\"\" width=\"639\" height=\"681\" srcset=\"https:\/\/i0.wp.com\/invest.ro.gov.br\/wp-content\/uploads\/2021\/01\/8-1.png?w=639&amp;ssl=1 639w, https:\/\/i0.wp.com\/invest.ro.gov.br\/wp-content\/uploads\/2021\/01\/8-1.png?resize=281%2C300&amp;ssl=1 281w\" sizes=\"auto, (max-width: 639px) 100vw, 639px\" data-recalc-dims=\"1\" \/><\/p>\r\n<p>A <em>Pol\u00edtica de Incentivo ao Desenvolvimento Industrial e Agroindustrial de Rond\u00f4nia<\/em> vem sendo executada por meio de diversos programas, dentre os quais se destaca o <strong>PROGRAMA DE INCENTIVO TRIBUT\u00c1RIO \u2013 PIT<\/strong>, institu\u00eddo pela Lei n\u00ba 1.558 de 26 de dezembro de 2005, regulamentado pelo Decreto n\u00ba 12.988 de 13 de julho de 2007, resultado de uma a\u00e7\u00e3o conjunta entre a <strong>Secret\u00e1ria\u00a0 de Estado do Desenvolvimento Econ\u00f4mico &#8211; SEDEC, Secretaria de Estado de Finan\u00e7as &#8211; SEFIN<\/strong> e entidades de classe representativas dos setores produtivos.<\/p>\r\n<p><strong>O PIT<\/strong> se concretiza por meio da concess\u00e3o do benef\u00edcio de incentivo tribut\u00e1rio, como forma de assegurar que empresas j\u00e1 instaladas e aquelas que queiram se instalar em qualquer munic\u00edpio do Estado de Rond\u00f4nia possam ter maior competitividade.<\/p>\r\n<p><strong>O Governo do Estado<\/strong>, com esta iniciativa, aliado aos incentivos federais e municipais j\u00e1 existentes, adequabilidade da infraestrutura energ\u00e9tica, transportes e comunica\u00e7\u00f5es, trabalha no sentido de atrair novos investimentos, bem como na consolida\u00e7\u00e3o dos j\u00e1 existentes, estimulando-os no beneficiamento e transforma\u00e7\u00e3o em maior escala das mat\u00e9rias primas regionais, fortalecendo consequentemente o segmento produtivo e a consolida\u00e7\u00e3o da economia do Estado.<\/p>\r\n<h2>FINALIDADE<\/h2>\r\n<p><strong>O PROGRAMA DE INCENTIVO TRIBUT\u00c1RIO \u2013 PIT<\/strong>, consiste na outorga de cr\u00e9dito presumido de at\u00e9 65% (sessenta e cinco por cento) at\u00e9 85% (oitenta e cinco por cento) por um per\u00edodo de at\u00e9 120 (cento e vinte) meses, do valor:<\/p>\r\n<ol>\r\n<li>Do ICMS debitado no per\u00edodo, no caso de projeto na modalidade de implanta\u00e7\u00e3o;<\/li>\r\n<li>Da Parcela do ICMS a recolher, incrementada no per\u00edodo em fun\u00e7\u00e3o do projeto, no caso da modalidade de amplia\u00e7\u00e3o ou moderniza\u00e7\u00e3o;\u00a0<\/li>\r\n<\/ol>\r\n<h2>DOS BENEFICI\u00c1RIOS<\/h2>\r\n<p>Poder\u00e3o beneficia-se do incentivo tribut\u00e1rio pessoas jur\u00eddicas dos setores industrial e agroindustrial de qualquer porte, desde que atenda \u00e1s normas estabelecidas neste regulamento.\u00a0<\/p>\r\n<h2>DO ACESSO DAS EMPRESAS AO INCENTIVO<\/h2>\r\n<p>Ser\u00e3o pass\u00edveis de acesso ao incentivo tribut\u00e1rio os empreendimento que obede\u00e7am a, pelo menos 3 (tr\u00eas) dos seguintes itens:<\/p>\r\n<ol>\r\n<li>Venham a se instalar em \u00e1reas industriais ou deliberadas pelo setor p\u00fablico estadual ou municipal;<\/li>\r\n<li>Produzam bens de capital;<\/li>\r\n<li>Utilizem mat\u00e9ria prima regional;<\/li>\r\n<li>Contribuam para o incremento da produ\u00e7\u00e3o industrial e agroindustrial do Estado;<\/li>\r\n<li>Concorram para substituir produtos importados do exterior ou outra unidade da Federa\u00e7\u00e3o;<\/li>\r\n<li>Promovam o aumento do valor bruto da produ\u00e7\u00e3o estadual;<\/li>\r\n<li>contribuam para a industrializa\u00e7\u00e3o mineral do Estado;<\/li>\r\n<li>concorram para o aumento da oferta de energia el\u00e9trica, atrav\u00e9s de gera\u00e7\u00e3o pr\u00f3pria em locais deficit\u00e1rios;<\/li>\r\n<li>Contribuam para a fixa\u00e7\u00e3o do homem no campo;<\/li>\r\n<li>Concorram para o aproveitamento de res\u00edduos industriais ou dom\u00e9sticos;<\/li>\r\n<li>Beneficiem produtos da biodiversidade;<\/li>\r\n<li>Contribuam para a industrializa\u00e7\u00e3o de pedras preciosas e semipreciosas extra\u00eddas no Estado;<\/li>\r\n<li>Promovam o aumento da comercializa\u00e7\u00e3o dos produtos locais para o mercado nacional e\/ou internacional;<\/li>\r\n<li>Contratem preferencialmente quem esteja cadastrado no Sistema Nacional de Emprego &#8211; SINE.<\/li>\r\n<\/ol>\r\n<p>&nbsp;<\/p>\r\n<h2>DO ENQUADRAMENTO<\/h2>\r\n<p>O percentual de cr\u00e9dito presumido do incentivo tribut\u00e1rio ser\u00e1 apurado mediante pontua\u00e7\u00e3o obtida, obedecendo aos seguintes crit\u00e9rios:<\/p>\r\n<ul>\r\n<li>Grau de utiliza\u00e7\u00e3o de insumos locais e regionais;<\/li>\r\n<li>Localiza\u00e7\u00e3o do empreendimento;<\/li>\r\n<li>Ado\u00e7\u00e3o de medidas visando \u00e0 contrata\u00e7\u00e3o de Plano de Sa\u00fade e Ap\u00f3lice de Seguro de Vida aos funcion\u00e1rios;<\/li>\r\n<li>Gera\u00e7\u00e3o e manuten\u00e7\u00e3o de empregos diretos;<\/li>\r\n<li>Tecnologia aplicada;<\/li>\r\n<li>Utiliza\u00e7\u00e3o racional de energia;<\/li>\r\n<li>Volume de investimento fixo do projeto.<\/li>\r\n<\/ul>\r\n<p>&nbsp;<\/p>\r\n<h2>CLASSIFICA\u00c7\u00c3O DAS EMPRESAS POR FAIXA<\/h2>\r\n<h2><img loading=\"lazy\" decoding=\"async\" class=\" wp-image-3268 aligncenter\" src=\"https:\/\/i2.wp.com\/invest.ro.gov.br\/wp-content\/uploads\/2024\/10\/agora.jpg?resize=344%2C157\" alt=\"\" width=\"344\" height=\"157\" srcset=\"https:\/\/i2.wp.com\/invest.ro.gov.br\/wp-content\/uploads\/2024\/10\/agora.jpg?resize=300%2C137&amp;ssl=1 300w, https:\/\/i2.wp.com\/invest.ro.gov.br\/wp-content\/uploads\/2024\/10\/agora.jpg?resize=1024%2C467&amp;ssl=1 1024w, https:\/\/i2.wp.com\/invest.ro.gov.br\/wp-content\/uploads\/2024\/10\/agora.jpg?resize=768%2C350&amp;ssl=1 768w, https:\/\/i2.wp.com\/invest.ro.gov.br\/wp-content\/uploads\/2024\/10\/agora.jpg?w=1186&amp;ssl=1 1186w\" sizes=\"auto, (max-width: 344px) 100vw, 344px\" data-recalc-dims=\"1\" \/><\/h2>\r\n<h2>OUTROS BENEF\u00cdCIOS<\/h2>\r\n<p>Al\u00e9m do cr\u00e9dito presumido previsto as empresas contempladas com o incentivo tribut\u00e1rio gozar\u00e3o, cumulativamente, da redu\u00e7\u00e3o da base de c\u00e1lculo em 50% (cinquenta por cento) do ICMS, nos seguintes casos:<\/p>\r\n<ul>\r\n<li>Para as empresas na modalidade de implanta\u00e7\u00e3o, sobre as aquisi\u00e7\u00f5es de energia el\u00e9trica e nas presta\u00e7\u00f5es de servi\u00e7os de transporte interestadual e intermunicipal, e de comunica\u00e7\u00e3o em que forem tomadoras;<\/li>\r\n<li>Para as empresas na modalidade de amplia\u00e7\u00e3o ou moderniza\u00e7\u00e3o, nas presta\u00e7\u00f5es de servi\u00e7os de transporte interestadual e intermunicipal em que forem tomadoras.<\/li>\r\n<\/ul>\r\n<p>A redu\u00e7\u00e3o da base de c\u00e1lculo fica condicionada a que o fornecedor deduza do valor da mercadoria ou do servi\u00e7o o valor do ICMS dispensado.<\/p>\r\n<h2>DO PROCEDIMENTO PARA OBTEN\u00c7\u00c3O DO INCENTIVO TRIBUT\u00c1RIO<\/h2>\r\n<ul>\r\n<li>Apresenta\u00e7\u00e3o da Carta Consulta mediante correspond\u00eancia dirigida \u00e0 CONSIC\/SEDEC, conforme modelo padr\u00e3o;<\/li>\r\n<li>An\u00e1lise da Carta Consulta, pelas equipes t\u00e9cnicas da CONSIC\/SEDEC e GITEC\/SEFIN;<\/li>\r\n<li>Emiss\u00e3o do Of\u00edcio de Apta \u00e1 apresenta\u00e7\u00e3o do projeto;<\/li>\r\n<li>Apresenta\u00e7\u00e3o do projeto t\u00e9cnico-econ\u00f4mico-financeiro, em 02 (duas) vias, na CONSIC, at\u00e9 60 (sessenta) dias a partir da aprova\u00e7\u00e3o da Carta Consulta;<\/li>\r\n<li>An\u00e1lise do projeto t\u00e9cnico-econ\u00f4mico-financeiro, pela equipe t\u00e9cnica da CONSIC, no prazo de 30 (trinta) dias \u00fateis que, ap\u00f3s a emiss\u00e3o de parecer t\u00e9cnico, ser\u00e1 submetido ao CONDER, para delibera\u00e7\u00e3o, na sua primeira reuni\u00e3o ordin\u00e1ria;<\/li>\r\n<li>Aprovado o projeto pelo CONDER, publica-se o Ato Concess\u00f3rio no Di\u00e1rio Oficial do Estado.<\/li>\r\n<\/ul>\r\n\r\n<p>[\/vc_column_text][\/vc_column][\/vc_row]<\/p>","protected":false},"excerpt":{"rendered":"<p>[vc_row][vc_column][vc_column_text] A Pol\u00edtica de Incentivo ao Desenvolvimento Industrial e Agroindustrial de Rond\u00f4nia vem sendo executada por meio de diversos programas, dentre os quais se destaca o PROGRAMA DE INCENTIVO TRIBUT\u00c1RIO \u2013 PIT, institu\u00eddo pela Lei n\u00ba 1.558 de 26 de dezembro de 2005, regulamentado pelo Decreto n\u00ba 12.988 de 13 de julho de 2007, resultado&hellip;<\/p>\n","protected":false},"author":14,"featured_media":3264,"parent":30,"menu_order":7,"comment_status":"closed","ping_status":"closed","template":"","meta":{"spay_email":"","_links_to":"","_links_to_target":""},"class_list":["post-1921","page","type-page","status-publish","has-post-thumbnail","hentry","description-off"],"_links":{"self":[{"href":"https:\/\/invest.ro.gov.br\/index.php?rest_route=\/wp\/v2\/pages\/1921","targetHints":{"allow":["GET"]}}],"collection":[{"href":"https:\/\/invest.ro.gov.br\/index.php?rest_route=\/wp\/v2\/pages"}],"about":[{"href":"https:\/\/invest.ro.gov.br\/index.php?rest_route=\/wp\/v2\/types\/page"}],"author":[{"embeddable":true,"href":"https:\/\/invest.ro.gov.br\/index.php?rest_route=\/wp\/v2\/users\/14"}],"replies":[{"embeddable":true,"href":"https:\/\/invest.ro.gov.br\/index.php?rest_route=%2Fwp%2Fv2%2Fcomments&post=1921"}],"version-history":[{"count":12,"href":"https:\/\/invest.ro.gov.br\/index.php?rest_route=\/wp\/v2\/pages\/1921\/revisions"}],"predecessor-version":[{"id":3270,"href":"https:\/\/invest.ro.gov.br\/index.php?rest_route=\/wp\/v2\/pages\/1921\/revisions\/3270"}],"up":[{"embeddable":true,"href":"https:\/\/invest.ro.gov.br\/index.php?rest_route=\/wp\/v2\/pages\/30"}],"wp:featuredmedia":[{"embeddable":true,"href":"https:\/\/invest.ro.gov.br\/index.php?rest_route=\/wp\/v2\/media\/3264"}],"wp:attachment":[{"href":"https:\/\/invest.ro.gov.br\/index.php?rest_route=%2Fwp%2Fv2%2Fmedia&parent=1921"}],"curies":[{"name":"wp","href":"https:\/\/api.w.org\/{rel}","templated":true}]}}