{"id":1912,"date":"2019-12-17T12:39:02","date_gmt":"2019-12-17T12:39:02","guid":{"rendered":"http:\/\/invest.alimenteocerebro.com\/?page_id=1912"},"modified":"2023-02-01T14:04:19","modified_gmt":"2023-02-01T18:04:19","slug":"oportunidades-de-investimento-3","status":"publish","type":"page","link":"https:\/\/invest.ro.gov.br\/?page_id=1912","title":{"rendered":"Floresta Plantada"},"content":{"rendered":"<p>[vc_row][vc_column width=&#8221;1\/2&#8243;][vc_column_text]Rond\u00f4nia possui atualmente mais de 25 mil hectares de florestas plantadas, com expectativas de aumentar o plantio em mais de 45 mil hectares, com uma pol\u00edtica agr\u00edcola para florestas plantadas aplicada desde 2016[\/vc_column_text][\/vc_column][vc_column width=&#8221;1\/2&#8243;][vc_single_image image=&#8221;3092&#8243; img_size=&#8221;full&#8221; alignment=&#8221;center&#8221; style=&#8221;vc_box_border&#8221; onclick=&#8221;custom_link&#8221; link=&#8221;https:\/\/geointeligencia.ro.gov.br\/portal\/apps\/experiencebuilder\/experience\/?id=147588272b04401eb09bb2444af8dd34&amp;page=page_0&amp;views=view_98%2Cview_54%2Cview_101%2Cview_102%2Cview_63%2Cview_74&#8243;][\/vc_column][\/vc_row][vc_row content_placement=&#8221;middle&#8221; parallax=&#8221;content-moving-fade&#8221; parallax_image=&#8221;3093&#8243;][vc_column width=&#8221;1\/2&#8243;][vc_single_image image=&#8221;3094&#8243; img_size=&#8221;100&#215;100&#8243; alignment=&#8221;center&#8221;][\/vc_column][vc_column width=&#8221;1\/2&#8243;][vc_cta h2=&#8221;&#8221; h4=&#8221;80% DA PRODU\u00c7\u00c3O DE MADEIRA VEM DE FLORESTAS PLANTADAS SENDO QUE PAPEL E CELULOSE CONSOMEM 56% DESSA PRODU\u00c7\u00c3O&#8221; shape=&#8221;square&#8221;][\/vc_cta][\/vc_column][vc_column width=&#8221;1\/2&#8243;][vc_single_image image=&#8221;3095&#8243; img_size=&#8221;100&#215;100&#8243; alignment=&#8221;center&#8221;][\/vc_column][vc_column width=&#8221;1\/2&#8243;][vc_cta h2=&#8221;&#8221; h4=&#8221;\u00c1REAS COM BAIXO CUSTO DE AQUISI\u00c7\u00c3O&#8221; shape=&#8221;square&#8221;][\/vc_cta][\/vc_column][\/vc_row][vc_row][vc_column][vc_column_text]<\/p>\n<p style=\"text-align: center;\">Dispondo de um solo rico em nutrientes, o Estado j\u00e1 disp\u00f5es de esp\u00e9cies ex\u00f3ticas como Teca e os Mognos Asi\u00e1tico e Africano, e tamb\u00e9m a esp\u00e9cie nativa Paric\u00e1, j\u00e1 ocupam \u00e1reas a partir da regi\u00e3o central do Estado.<\/p>\n<p>[\/vc_column_text][\/vc_column][\/vc_row]<\/p>\n","protected":false},"excerpt":{"rendered":"<p>[vc_row][vc_column width=&#8221;1\/2&#8243;][vc_column_text]Rond\u00f4nia possui atualmente mais de 25 mil hectares de florestas plantadas, com expectativas de aumentar o plantio em mais de 45 mil hectares, com uma pol\u00edtica agr\u00edcola para florestas plantadas aplicada desde 2016[\/vc_column_text][\/vc_column][vc_column width=&#8221;1\/2&#8243;][vc_single_image image=&#8221;3092&#8243; img_size=&#8221;full&#8221; alignment=&#8221;center&#8221; style=&#8221;vc_box_border&#8221; onclick=&#8221;custom_link&#8221; link=&#8221;https:\/\/geointeligencia.ro.gov.br\/portal\/apps\/experiencebuilder\/experience\/?id=147588272b04401eb09bb2444af8dd34&amp;page=page_0&amp;views=view_98%2Cview_54%2Cview_101%2Cview_102%2Cview_63%2Cview_74&#8243;][\/vc_column][\/vc_row][vc_row content_placement=&#8221;middle&#8221; parallax=&#8221;content-moving-fade&#8221; parallax_image=&#8221;3093&#8243;][vc_column width=&#8221;1\/2&#8243;][vc_single_image image=&#8221;3094&#8243; img_size=&#8221;100&#215;100&#8243; alignment=&#8221;center&#8221;][\/vc_column][vc_column width=&#8221;1\/2&#8243;][vc_cta h2=&#8221;&#8221; h4=&#8221;80% DA PRODU\u00c7\u00c3O DE MADEIRA&hellip;<\/p>\n","protected":false},"author":14,"featured_media":0,"parent":30,"menu_order":4,"comment_status":"closed","ping_status":"closed","template":"","meta":{"spay_email":"","_links_to":"","_links_to_target":""},"class_list":["post-1912","page","type-page","status-publish","hentry","description-off"],"_links":{"self":[{"href":"https:\/\/invest.ro.gov.br\/index.php?rest_route=\/wp\/v2\/pages\/1912","targetHints":{"allow":["GET"]}}],"collection":[{"href":"https:\/\/invest.ro.gov.br\/index.php?rest_route=\/wp\/v2\/pages"}],"about":[{"href":"https:\/\/invest.ro.gov.br\/index.php?rest_route=\/wp\/v2\/types\/page"}],"author":[{"embeddable":true,"href":"https:\/\/invest.ro.gov.br\/index.php?rest_route=\/wp\/v2\/users\/14"}],"replies":[{"embeddable":true,"href":"https:\/\/invest.ro.gov.br\/index.php?rest_route=%2Fwp%2Fv2%2Fcomments&post=1912"}],"version-history":[{"count":12,"href":"https:\/\/invest.ro.gov.br\/index.php?rest_route=\/wp\/v2\/pages\/1912\/revisions"}],"predecessor-version":[{"id":3129,"href":"https:\/\/invest.ro.gov.br\/index.php?rest_route=\/wp\/v2\/pages\/1912\/revisions\/3129"}],"up":[{"embeddable":true,"href":"https:\/\/invest.ro.gov.br\/index.php?rest_route=\/wp\/v2\/pages\/30"}],"wp:attachment":[{"href":"https:\/\/invest.ro.gov.br\/index.php?rest_route=%2Fwp%2Fv2%2Fmedia&parent=1912"}],"curies":[{"name":"wp","href":"https:\/\/api.w.org\/{rel}","templated":true}]}}