{"id":1908,"date":"2019-12-17T12:31:25","date_gmt":"2019-12-17T12:31:25","guid":{"rendered":"http:\/\/invest.alimenteocerebro.com\/?page_id=1908"},"modified":"2024-03-13T10:25:48","modified_gmt":"2024-03-13T14:25:48","slug":"oportunidades-de-investimento-4","status":"publish","type":"page","link":"https:\/\/invest.ro.gov.br\/?page_id=1908","title":{"rendered":"Turismo"},"content":{"rendered":"<p>[vc_row][vc_column]<div id=\"ultimate-heading-741169e07875b62f9\" class=\"uvc-heading ult-adjust-bottom-margin ultimate-heading-741169e07875b62f9 uvc-1413 accent-border-color uvc-heading-default-font-sizes\" data-hspacer=\"line_only\"  data-halign=\"center\" style=\"text-align:center\"><div class=\"uvc-main-heading ult-responsive\"  data-ultimate-target='.uvc-heading.ultimate-heading-741169e07875b62f9 h2'  data-responsive-json-new='{\"font-size\":\"\",\"line-height\":\"\"}' ><h2 style=\"--font-weight:theme;margin-bottom:15px;\">Mapa do Turismo em Rond\u00f4nia<\/h2><\/div><div class=\"uvc-heading-spacer line_only\" style=\"margin-bottom:15px;height:3px;\"><span class=\"uvc-headings-line\" style=\"border-style:solid;border-bottom-width:3px;border-color:#81d742;width:200px;\"><\/span><\/div><\/div>[\/vc_column][vc_column][\/vc_column][\/vc_row][vc_row css=&#8221;.vc_custom_1673899014530{border-bottom-width: 10px !important;}&#8221;][vc_column][vc_single_image image=&#8221;2986&#8243; img_size=&#8221;large&#8221; alignment=&#8221;center&#8221; style=&#8221;vc_box_rounded&#8221; onclick=&#8221;custom_link&#8221; img_link_target=&#8221;_blank&#8221; link=&#8221;https:\/\/rondoniatemtudo.ro.gov.br\/&#8221;][vc_column_text css_animation=&#8221;bounceInRight&#8221;]<\/p>\n<h5 style=\"text-align: center;\"><strong>Em Rond\u00f4nia, o Mapa de Regionaliza\u00e7\u00e3o foi institu\u00eddo pela Portaria n\u00ba 57\/2019\/SETUR-CTUR, publicado no DOE n\u00ba 219 de 22\/11\/2019, e \u00e9 dividido por polos.<\/strong><\/h5>\n<p>[\/vc_column_text][\/vc_column][vc_column width=&#8221;1\/3&#8243;]<div id=\"ultimate-heading-964369e07875b64cc\" class=\"uvc-heading ult-adjust-bottom-margin ultimate-heading-964369e07875b64cc uvc-9885  uvc-heading-default-font-sizes\" data-hspacer=\"icon_only\"  data-halign=\"center\" style=\"text-align:center\"><div class=\"uvc-heading-spacer icon_only\" style=\"top\"><div class=\"ult-just-icon-wrapper  \"><div class=\"align-icon\" style=\"text-align:center;\">\n<div class=\"aio-icon none \"  style=\"color:#81d742;font-size:32px;display:inline-block;\">\n\t<i class=\"icomoon-icomoonfree-16x16-location\"><\/i>\n<\/div><\/div><\/div><\/div><div class=\"uvc-main-heading ult-responsive\"  data-ultimate-target='.uvc-heading.ultimate-heading-964369e07875b64cc h2'  data-responsive-json-new='{\"font-size\":\"\",\"line-height\":\"\"}' ><h2 style=\"--font-weight:theme;\">turismo em rond\u00f4nia<\/h2><\/div><div class=\"uvc-sub-heading ult-responsive\"  data-ultimate-target='.uvc-heading.ultimate-heading-964369e07875b64cc .uvc-sub-heading '  data-responsive-json-new='{\"font-size\":\"\",\"line-height\":\"\"}'  style=\"font-weight:normal;\"><\/p>\n<h4>Pesca, aventura ambiental, religioso e hist\u00f3rico<\/h4>\n<p><\/div><\/div>[vc_single_image image=&#8221;2982&#8243; img_size=&#8221;medium&#8221; alignment=&#8221;center&#8221; style=&#8221;vc_box_rounded&#8221; onclick=&#8221;zoom&#8221; css_animation=&#8221;fadeIn&#8221;][vc_column_text css_animation=&#8221;zoomInUp&#8221; css=&#8221;.vc_custom_1710339713723{padding-bottom: 5% !important;}&#8221;]<\/p>\n<h6><strong>Estrada de Ferro Madeira-Mamor\u00e9 (EFMM). Imagem &#8211; Leandro Morais<\/strong><\/h6>\n<p>[\/vc_column_text][\/vc_column][vc_column width=&#8221;1\/3&#8243;]<div id=\"ultimate-heading-512769e07875b6561\" class=\"uvc-heading ult-adjust-bottom-margin ultimate-heading-512769e07875b6561 uvc-7141  uvc-heading-default-font-sizes\" data-hspacer=\"icon_only\"  data-halign=\"center\" style=\"text-align:center\"><div class=\"uvc-heading-spacer icon_only\" style=\"top\"><div class=\"ult-just-icon-wrapper  \"><div class=\"align-icon\" style=\"text-align:center;\">\n<div class=\"aio-icon none \"  style=\"color:#81d742;font-size:32px;display:inline-block;\">\n\t<i class=\"icomoon-icomoonfree-16x16-man\"><\/i>\n<\/div><\/div><\/div><\/div><div class=\"uvc-main-heading ult-responsive\"  data-ultimate-target='.uvc-heading.ultimate-heading-512769e07875b6561 h2'  data-responsive-json-new='{\"font-size\":\"\",\"line-height\":\"\"}' ><h2 style=\"--font-weight:theme;\">TRADE TUR\u00cdSTICO<\/h2><\/div><div class=\"uvc-sub-heading ult-responsive\"  data-ultimate-target='.uvc-heading.ultimate-heading-512769e07875b6561 .uvc-sub-heading '  data-responsive-json-new='{\"font-size\":\"\",\"line-height\":\"\"}'  style=\"font-weight:normal;\"><\/p>\n<h4>+R$ 150 MILH\u00d5ES MOVIMENTADOS NO TRADE TUR\u00cdSTICO<\/h4>\n<p><\/div><\/div>[vc_single_image image=&#8221;2983&#8243; img_size=&#8221;225&#215;225&#8243; alignment=&#8221;center&#8221; style=&#8221;vc_box_rounded&#8221; onclick=&#8221;zoom&#8221; css_animation=&#8221;fadeIn&#8221;][\/vc_column][vc_column width=&#8221;1\/3&#8243;]<div id=\"ultimate-heading-930069e07875b65da\" class=\"uvc-heading ult-adjust-bottom-margin ultimate-heading-930069e07875b65da uvc-8331  uvc-heading-default-font-sizes\" data-hspacer=\"icon_only\"  data-halign=\"center\" style=\"text-align:center\"><div class=\"uvc-heading-spacer icon_only\" style=\"top\"><div class=\"ult-just-icon-wrapper  \"><div class=\"align-icon\" style=\"text-align:center;\">\n<div class=\"aio-icon none \"  style=\"color:#81d742;font-size:32px;display:inline-block;\">\n\t<i class=\"fas fa-money-bill-wave-alt\"><\/i>\n<\/div><\/div><\/div><\/div><div class=\"uvc-main-heading ult-responsive\"  data-ultimate-target='.uvc-heading.ultimate-heading-930069e07875b65da h2'  data-responsive-json-new='{\"font-size\":\"\",\"line-height\":\"\"}' ><h2 style=\"--font-weight:theme;color:#1e73be;\">VISITA\u00c7\u00c3O<\/h2><\/div><div class=\"uvc-sub-heading ult-responsive\"  data-ultimate-target='.uvc-heading.ultimate-heading-930069e07875b65da .uvc-sub-heading '  data-responsive-json-new='{\"font-size\":\"\",\"line-height\":\"\"}'  style=\"font-weight:normal;color:#6b6b6b;\"><\/p>\n<h4>+ 250 MIL PESSOAS VISITAM O ESTADO DE ROND\u00d4NIA POR ANO<\/h4>\n<p><\/div><\/div>[vc_single_image image=&#8221;2985&#8243; img_size=&#8221;medium&#8221; alignment=&#8221;center&#8221; style=&#8221;vc_box_rounded&#8221; onclick=&#8221;zoom&#8221; css_animation=&#8221;fadeIn&#8221;][vc_column_text css_animation=&#8221;zoomInUp&#8221; css=&#8221;.vc_custom_1710339857674{padding-bottom: 5% !important;}&#8221;]<\/p>\n<h6 style=\"text-align: center;\"><strong>Vale das Cachoeiras. Imagem &#8211; Daiane Mendon\u00e7a<\/strong><\/h6>\n<p>[\/vc_column_text][\/vc_column][\/vc_row][vc_row][vc_column parallax=&#8221;content-moving&#8221; parallax_image=&#8221;2508&#8243; width=&#8221;1\/2&#8243;][vc_cta h2=&#8221;Viva experi\u00eancias \u00fanicas em Rond\u00f4nia&#8221; h2_use_theme_fonts=&#8221;yes&#8221; add_button=&#8221;bottom&#8221; btn_title=&#8221;Rond\u00f4nia tem tudo&#8221; btn_style=&#8221;gradient&#8221; btn_gradient_color_1=&#8221;green&#8221; btn_gradient_color_2=&#8221;orange&#8221; btn_i_icon_fontawesome=&#8221;fa fa-leaf&#8221; use_custom_fonts_h2=&#8221;true&#8221; btn_add_icon=&#8221;true&#8221; h2_link=&#8221;|||&#8221; btn_link=&#8221;url:https%3A%2F%2Frondoniatemtudo.ro.gov.br%2F|||&#8221;][\/vc_cta][\/vc_column][vc_column width=&#8221;1\/2&#8243;][rev_slider_vc alias=&#8221;turismo&#8221;][\/vc_column][\/vc_row]<\/p>\n","protected":false},"excerpt":{"rendered":"<p>[vc_row][vc_column][\/vc_column][vc_column][\/vc_column][\/vc_row][vc_row css=&#8221;.vc_custom_1673899014530{border-bottom-width: 10px !important;}&#8221;][vc_column][vc_single_image image=&#8221;2986&#8243; img_size=&#8221;large&#8221; alignment=&#8221;center&#8221; style=&#8221;vc_box_rounded&#8221; onclick=&#8221;custom_link&#8221; img_link_target=&#8221;_blank&#8221; link=&#8221;https:\/\/rondoniatemtudo.ro.gov.br\/&#8221;][vc_column_text css_animation=&#8221;bounceInRight&#8221;] Em Rond\u00f4nia, o Mapa de Regionaliza\u00e7\u00e3o foi institu\u00eddo pela Portaria n\u00ba 57\/2019\/SETUR-CTUR, publicado no DOE n\u00ba 219 de 22\/11\/2019, e \u00e9 dividido por polos. [\/vc_column_text][\/vc_column][vc_column width=&#8221;1\/3&#8243;][vc_single_image image=&#8221;2982&#8243; img_size=&#8221;medium&#8221; alignment=&#8221;center&#8221; style=&#8221;vc_box_rounded&#8221; onclick=&#8221;zoom&#8221; css_animation=&#8221;fadeIn&#8221;][vc_column_text css_animation=&#8221;zoomInUp&#8221; css=&#8221;.vc_custom_1710339713723{padding-bottom: 5% !important;}&#8221;] Estrada de Ferro Madeira-Mamor\u00e9 (EFMM). Imagem &#8211;&hellip;<\/p>\n","protected":false},"author":14,"featured_media":2983,"parent":30,"menu_order":3,"comment_status":"closed","ping_status":"closed","template":"","meta":{"spay_email":"","_links_to":"","_links_to_target":""},"class_list":["post-1908","page","type-page","status-publish","has-post-thumbnail","hentry","description-off"],"_links":{"self":[{"href":"https:\/\/invest.ro.gov.br\/index.php?rest_route=\/wp\/v2\/pages\/1908","targetHints":{"allow":["GET"]}}],"collection":[{"href":"https:\/\/invest.ro.gov.br\/index.php?rest_route=\/wp\/v2\/pages"}],"about":[{"href":"https:\/\/invest.ro.gov.br\/index.php?rest_route=\/wp\/v2\/types\/page"}],"author":[{"embeddable":true,"href":"https:\/\/invest.ro.gov.br\/index.php?rest_route=\/wp\/v2\/users\/14"}],"replies":[{"embeddable":true,"href":"https:\/\/invest.ro.gov.br\/index.php?rest_route=%2Fwp%2Fv2%2Fcomments&post=1908"}],"version-history":[{"count":21,"href":"https:\/\/invest.ro.gov.br\/index.php?rest_route=\/wp\/v2\/pages\/1908\/revisions"}],"predecessor-version":[{"id":3249,"href":"https:\/\/invest.ro.gov.br\/index.php?rest_route=\/wp\/v2\/pages\/1908\/revisions\/3249"}],"up":[{"embeddable":true,"href":"https:\/\/invest.ro.gov.br\/index.php?rest_route=\/wp\/v2\/pages\/30"}],"wp:featuredmedia":[{"embeddable":true,"href":"https:\/\/invest.ro.gov.br\/index.php?rest_route=\/wp\/v2\/media\/2983"}],"wp:attachment":[{"href":"https:\/\/invest.ro.gov.br\/index.php?rest_route=%2Fwp%2Fv2%2Fmedia&parent=1908"}],"curies":[{"name":"wp","href":"https:\/\/api.w.org\/{rel}","templated":true}]}}